{"id":499,"date":"2013-12-01T03:49:43","date_gmt":"2013-12-01T02:49:43","guid":{"rendered":"http:\/\/udruzenjeart.rs\/?page_id=499"},"modified":"2022-08-26T13:10:42","modified_gmt":"2022-08-26T12:10:42","slug":"history","status":"publish","type":"page","link":"https:\/\/udruzenjeart.rs\/en\/history\/","title":{"rendered":"History"},"content":{"rendered":"\t\t<div data-elementor-type=\"wp-page\" data-elementor-id=\"499\" class=\"elementor elementor-499\" data-elementor-post-type=\"page\">\n\t\t\t\t\t\t<section class=\"elementor-section elementor-top-section elementor-element elementor-element-808c71a elementor-section-full_width elementor-section-height-default elementor-section-height-default\" data-id=\"808c71a\" data-element_type=\"section\" data-settings=\"{&quot;background_background&quot;:&quot;slideshow&quot;,&quot;background_slideshow_gallery&quot;:[{&quot;id&quot;:1457,&quot;url&quot;:&quot;https:\\\/\\\/udruzenjeart.rs\\\/en\\\/wp-content\\\/uploads\\\/2013\\\/04\\\/slajd5.jpg&quot;},{&quot;id&quot;:1456,&quot;url&quot;:&quot;https:\\\/\\\/udruzenjeart.rs\\\/en\\\/wp-content\\\/uploads\\\/2013\\\/04\\\/slajd4.jpg&quot;},{&quot;id&quot;:1453,&quot;url&quot;:&quot;https:\\\/\\\/udruzenjeart.rs\\\/en\\\/wp-content\\\/uploads\\\/2013\\\/04\\\/reanimacija.jpg&quot;},{&quot;id&quot;:1452,&quot;url&quot;:&quot;https:\\\/\\\/udruzenjeart.rs\\\/en\\\/wp-content\\\/uploads\\\/2013\\\/04\\\/celije.jpg&quot;}],&quot;background_slideshow_ken_burns&quot;:&quot;yes&quot;,&quot;background_slideshow_loop&quot;:&quot;yes&quot;,&quot;background_slideshow_slide_duration&quot;:5000,&quot;background_slideshow_slide_transition&quot;:&quot;fade&quot;,&quot;background_slideshow_transition_duration&quot;:500,&quot;background_slideshow_ken_burns_zoom_direction&quot;:&quot;in&quot;}\">\n\t\t\t\t\t\t\t<div class=\"elementor-background-overlay\"><\/div>\n\t\t\t\t\t\t\t<div class=\"elementor-container elementor-column-gap-default\">\n\t\t\t\t\t<div class=\"elementor-column elementor-col-100 elementor-top-column elementor-element elementor-element-ceb78da\" data-id=\"ceb78da\" data-element_type=\"column\">\n\t\t\t<div class=\"elementor-widget-wrap elementor-element-populated\">\n\t\t\t\t\t\t<section class=\"elementor-section elementor-inner-section elementor-element elementor-element-33735cf3 sirina-reda elementor-section-boxed elementor-section-height-default elementor-section-height-default\" data-id=\"33735cf3\" data-element_type=\"section\">\n\t\t\t\t\t\t<div class=\"elementor-container elementor-column-gap-default\">\n\t\t\t\t\t<div class=\"elementor-column elementor-col-50 elementor-inner-column elementor-element elementor-element-1ad6bda5\" data-id=\"1ad6bda5\" data-element_type=\"column\">\n\t\t\t<div class=\"elementor-widget-wrap elementor-element-populated\">\n\t\t\t\t\t\t<div class=\"elementor-element elementor-element-6d556c20 elementor-widget elementor-widget-heading\" data-id=\"6d556c20\" data-element_type=\"widget\" data-widget_type=\"heading.default\">\n\t\t\t\t<div class=\"elementor-widget-container\">\n\t\t\t\t\t<h1 class=\"elementor-heading-title elementor-size-default\">History<\/h1>\t\t\t\t<\/div>\n\t\t\t\t<\/div>\n\t\t\t\t<div class=\"elementor-element elementor-element-74932401 elementor-widget elementor-widget-heading\" data-id=\"74932401\" data-element_type=\"widget\" data-widget_type=\"heading.default\">\n\t\t\t\t<div class=\"elementor-widget-container\">\n\t\t\t\t\t<h2 class=\"elementor-heading-title elementor-size-default\">Our first steps<\/h2>\t\t\t\t<\/div>\n\t\t\t\t<\/div>\n\t\t\t\t\t<\/div>\n\t\t<\/div>\n\t\t\t\t<div class=\"elementor-column elementor-col-50 elementor-inner-column elementor-element elementor-element-16a1f6a4\" data-id=\"16a1f6a4\" data-element_type=\"column\">\n\t\t\t<div class=\"elementor-widget-wrap\">\n\t\t\t\t\t\t\t<\/div>\n\t\t<\/div>\n\t\t\t\t\t<\/div>\n\t\t<\/section>\n\t\t\t\t\t<\/div>\n\t\t<\/div>\n\t\t\t\t\t<\/div>\n\t\t<\/section>\n\t\t\t\t<section class=\"elementor-section elementor-top-section elementor-element elementor-element-1ef15952 sirina-reda elementor-section-boxed elementor-section-height-default elementor-section-height-default\" data-id=\"1ef15952\" data-element_type=\"section\" data-settings=\"{&quot;background_background&quot;:&quot;gradient&quot;}\">\n\t\t\t\t\t\t<div class=\"elementor-container elementor-column-gap-default\">\n\t\t\t\t\t<div class=\"elementor-column elementor-col-100 elementor-top-column elementor-element elementor-element-5f8f3d8a senka-hover\" data-id=\"5f8f3d8a\" data-element_type=\"column\" data-settings=\"{&quot;background_background&quot;:&quot;classic&quot;}\">\n\t\t\t<div class=\"elementor-widget-wrap elementor-element-populated\">\n\t\t\t\t\t\t<div class=\"elementor-element elementor-element-43f989ce elementor-widget elementor-widget-text-editor\" data-id=\"43f989ce\" data-element_type=\"widget\" data-widget_type=\"text-editor.default\">\n\t\t\t\t<div class=\"elementor-widget-container\">\n\t\t\t\t\t\t\t\t\t<p>A group of enthusiasts, experienced anesthetists (Kola\u0161inovi\u0107, Kara\u0111enov, Dejanovi\u0107, Na\u0111evi\u0107) of the surgical clinic of VMA (Military Medical Academy) established the anesthetist section within the association of nurses of Serbia, in March of 1961. The aim of establishing the section was professional, theoretical and practical specialization of anesthetists.<br \/>The first professional work represented as part of the section work, with the topic:<br \/>Anesthesia and resuscitation in modern wars \u2013 presenter \u2013 Kola\u0161inovi\u0107<\/p><p>Several reports in the field of anesthesia i resuscitation were presented in the course of that year. Work continued in the same manner for the following several years, when, in 1966, the anesthesia section is joined by the transfusionists, forming the section of anesthetists and transfusionists within the Association of medical workers of Serbia.<\/p><p>The first professional meeting of the anesthetist and transfusionist section was held on 21\/05\/1967 in Osijek.<\/p><p>As a part of 4th Congress of the Association of medical workers of Serbia, a Seminar of anesthetists and transfusionists was held, and was attended by colleague anesthetists and transfusionists from other republics, as well. At that moment they agreed to consider the possibility of establishing a professional association on the level of Yugoslavia.<\/p><p>In February of 1969, at an annual meeting of the section, held in Belgrade, decision was reached to extract the section of anesthetists and transfusionists from the Association of Medical Workers of Serbia and establish the Association of Medical Technicians of Serbia in the fields of anesthesia, resuscitation and transfusion.<\/p><p>The Association of Anesthetists, resuscitationists and transfusionists of Yugoslavia was established at the Seminar of the Section held in Osijek in May 1969.<\/p><p>The work was based on professional specialization of the members, primarily through professional gatherings, where top experts in their fields were being invited, and contributed with their knowledge and experience to professional meetings of these profiles being highly valued and attended.<br \/>First President of the Council was anesthetist Petar Dimitrov.<\/p><p>Work of the Association was divided into four primary activities:<\/p><p>Work on professional specialization of members,<br \/>Publishing activity,<br \/>Cooperation with other professional organizations,<br \/>Resolving of crucial problems, of specializations gathered by the Association<br \/>First professional magazine, printed in this period, is named \u201eThe Medical Technician\u201c.<\/p><p>Since 1980, the Council changes the name to Asociation of anesthetists, resuscitationists and transfusionists of Yugoslavia.<\/p><p>In the periodu from 1991 to 1995 the Association did not hold any professional gatherings, until 1995, and has continued uninterrupted operation until now. That same year the Association modified its Statute, used as reference until this year, and modified again due to novelties in the legal system.<\/p><p>The Association holds annual professional gatherings in form of Seminar, Simposiums, Congresses and daily meetings.<\/p><p>The Association has so far organized 22 seminars, 12 simposiums and 10 congresses.<\/p><p>In this period 36 magazines have been published, 11 monographs and 18 collections of works.<\/p><p>The magazine published works of most prominent experts in the mentioned fields, while the monograph was prepared on the textbook principle, and can be used together with the magazine for education of both technicians and doctors.<\/p>\t\t\t\t\t\t\t\t<\/div>\n\t\t\t\t<\/div>\n\t\t\t\t\t<\/div>\n\t\t<\/div>\n\t\t\t\t\t<\/div>\n\t\t<\/section>\n\t\t\t\t<\/div>\n\t\t","protected":false},"excerpt":{"rendered":"<p>History Our first steps A group of enthusiasts, experienced anesthetists (Kola\u0161inovi\u0107, Kara\u0111enov, Dejanovi\u0107, Na\u0111evi\u0107) of the surgical clinic of VMA (Military Medical Academy) established the anesthetist section within the association of nurses of Serbia, in March of 1961. The aim of establishing the section was professional, theoretical and practical specialization of anesthetists.The first professional work [&hellip;]<\/p>\n","protected":false},"author":1001014,"featured_media":0,"parent":0,"menu_order":9,"comment_status":"closed","ping_status":"closed","template":"","meta":{"footnotes":""},"class_list":["post-499","page","type-page","status-publish","hentry"],"_links":{"self":[{"href":"https:\/\/udruzenjeart.rs\/en\/wp-json\/wp\/v2\/pages\/499","targetHints":{"allow":["GET"]}}],"collection":[{"href":"https:\/\/udruzenjeart.rs\/en\/wp-json\/wp\/v2\/pages"}],"about":[{"href":"https:\/\/udruzenjeart.rs\/en\/wp-json\/wp\/v2\/types\/page"}],"author":[{"embeddable":true,"href":"https:\/\/udruzenjeart.rs\/en\/wp-json\/wp\/v2\/users\/1001014"}],"replies":[{"embeddable":true,"href":"https:\/\/udruzenjeart.rs\/en\/wp-json\/wp\/v2\/comments?post=499"}],"version-history":[{"count":11,"href":"https:\/\/udruzenjeart.rs\/en\/wp-json\/wp\/v2\/pages\/499\/revisions"}],"predecessor-version":[{"id":3500,"href":"https:\/\/udruzenjeart.rs\/en\/wp-json\/wp\/v2\/pages\/499\/revisions\/3500"}],"wp:attachment":[{"href":"https:\/\/udruzenjeart.rs\/en\/wp-json\/wp\/v2\/media?parent=499"}],"curies":[{"name":"wp","href":"https:\/\/api.w.org\/{rel}","templated":true}]}}